{"id":569,"date":"2025-11-03T13:39:41","date_gmt":"2025-11-03T12:39:41","guid":{"rendered":"https:\/\/dezorgcarrousel.be\/?page_id=569"},"modified":"2025-11-03T13:49:29","modified_gmt":"2025-11-03T12:49:29","slug":"halloweenhuis-in-bever","status":"publish","type":"page","link":"https:\/\/dezorgcarrousel.be\/fr\/halloweenhuis-in-bever\/","title":{"rendered":"Maison d'Halloween \u00e0 Beaver"},"content":{"rendered":"<div data-elementor-type=\"wp-page\" data-elementor-id=\"569\" class=\"elementor elementor-569\" data-elementor-post-type=\"page\">\n\t\t\t\t<div class=\"elementor-element elementor-element-c79652b e-con-full e-flex e-con e-parent\" data-id=\"c79652b\" data-element_type=\"container\" data-e-type=\"container\" data-settings=\"{&quot;background_background&quot;:&quot;video&quot;,&quot;background_video_link&quot;:&quot;https:\\\/\\\/youtu.be\\\/KI_SWDYShk4&quot;,&quot;background_privacy_mode&quot;:&quot;yes&quot;,&quot;background_play_on_mobile&quot;:&quot;yes&quot;}\">\n\t\t<div class=\"elementor-background-video-container\">\n\t\t\t\t\t\t\t<div class=\"elementor-background-video-embed\" role=\"presentation\"><\/div>\n\t\t\t\t\t\t<\/div><div class=\"elementor-element elementor-element-8200db8 e-con-full e-flex e-con e-child\" data-id=\"8200db8\" data-element_type=\"container\" data-e-type=\"container\">\n\t\t<div class=\"elementor-element elementor-element-b402e3e e-con-full e-flex e-con e-child\" data-id=\"b402e3e\" data-element_type=\"container\" data-e-type=\"container\">\n\t\t<div class=\"elementor-element elementor-element-38584a1 e-con-full e-flex elementor-invisible e-con e-child\" data-id=\"38584a1\" data-element_type=\"container\" data-e-type=\"container\" data-settings=\"{&quot;animation&quot;:&quot;fadeInLeft&quot;}\">\n\t\t\t\t<div class=\"elementor-element elementor-element-eb10b0c elementor-widget elementor-widget-heading\" data-id=\"eb10b0c\" data-element_type=\"widget\" data-e-type=\"widget\" data-widget_type=\"heading.default\">\n\t\t\t\t<div class=\"elementor-widget-container\">\n\t\t\t\t\t<h1 class=\"elementor-heading-title elementor-size-default\">Maison d'Halloween unique en son genre \u00e0 Beaver - D\u00e9couvrez une atmosph\u00e8re effrayante !<\/h1>\t\t\t\t<\/div>\n\t\t\t\t<\/div>\n\t\t\t\t<div class=\"elementor-element elementor-element-c819a03 elementor-widget elementor-widget-text-editor\" data-id=\"c819a03\" data-element_type=\"widget\" data-e-type=\"widget\" data-widget_type=\"text-editor.default\">\n\t\t\t\t<div class=\"elementor-widget-container\">\n\t\t\t\t\t\t\t\t\t<p>Bienvenue dans la maison la plus terrifiante du monde. <strong data-start=\"307\" data-end=\"316\">Castor<\/strong>! Cette maison d'Halloween enti\u00e8rement d\u00e9cor\u00e9e est l'endroit id\u00e9al pour une s\u00e9ance photo originale, une r\u00e9union intime ou un \u00e9v\u00e9nement cr\u00e9atif. Toiles d'araign\u00e9es, citrouilles, bougies d'ambiance et personnages myst\u00e9rieux, chaque d\u00e9tail garantit une exp\u00e9rience inoubliable.<\/p>\t\t\t\t\t\t\t\t<\/div>\n\t\t\t\t<\/div>\n\t\t\t\t<div class=\"elementor-element elementor-element-650a8a8 elementor-widget-divider--view-line elementor-widget elementor-widget-divider\" data-id=\"650a8a8\" data-element_type=\"widget\" data-e-type=\"widget\" data-widget_type=\"divider.default\">\n\t\t\t\t<div class=\"elementor-widget-container\">\n\t\t\t\t\t\t\t<div class=\"elementor-divider\">\n\t\t\t<span class=\"elementor-divider-separator\">\n\t\t\t\t\t\t<\/span>\n\t\t<\/div>\n\t\t\t\t\t\t<\/div>\n\t\t\t\t<\/div>\n\t\t\t\t<div class=\"elementor-element elementor-element-079b5f5 elementor-widget elementor-widget-button\" data-id=\"079b5f5\" data-element_type=\"widget\" data-e-type=\"widget\" data-widget_type=\"button.default\">\n\t\t\t\t<div class=\"elementor-widget-container\">\n\t\t\t\t\t\t\t\t\t<div class=\"elementor-button-wrapper\">\n\t\t\t\t\t<a class=\"elementor-button elementor-button-link elementor-size-sm elementor-animation-grow\" href=\"https:\/\/www.booking.com\/hotel\/be\/de-zorgcarrousel.nl.html\" target=\"_blank\" rel=\"noopener\">\n\t\t\t\t\t\t<span class=\"elementor-button-content-wrapper\">\n\t\t\t\t\t\t\t\t\t<span class=\"elementor-button-text\">R\u00e9servez maintenant&gt;&gt;<\/span>\n\t\t\t\t\t<\/span>\n\t\t\t\t\t<\/a>\n\t\t\t\t<\/div>\n\t\t\t\t\t\t\t\t<\/div>\n\t\t\t\t<\/div>\n\t\t\t\t<\/div>\n\t\t<div class=\"elementor-element elementor-element-814783c e-con-full e-flex elementor-invisible e-con e-child\" data-id=\"814783c\" data-element_type=\"container\" data-e-type=\"container\" data-settings=\"{&quot;animation&quot;:&quot;fadeInRight&quot;}\">\n\t\t\t\t<\/div>\n\t\t\t\t<\/div>\n\t\t\t\t<\/div>\n\t\t\t\t<\/div>\n\t\t<div class=\"elementor-element elementor-element-a5b165e e-con-full e-flex e-con e-parent\" data-id=\"a5b165e\" data-element_type=\"container\" data-e-type=\"container\">\n\t\t\t\t<div class=\"elementor-element elementor-element-b87d099 elementor-widget elementor-widget-heading\" data-id=\"b87d099\" data-element_type=\"widget\" data-e-type=\"widget\" data-widget_type=\"heading.default\">\n\t\t\t\t<div class=\"elementor-widget-container\">\n\t\t\t\t\t<h3 class=\"elementor-heading-title elementor-size-default\">Un lieu unique pour les s\u00e9ances photos, les \u00e9v\u00e9nements et bien d'autres choses encore<\/h3>\t\t\t\t<\/div>\n\t\t\t\t<\/div>\n\t\t\t\t<div class=\"elementor-element elementor-element-8bf8352 elementor-widget-divider--view-line elementor-widget elementor-widget-divider\" data-id=\"8bf8352\" data-element_type=\"widget\" data-e-type=\"widget\" data-widget_type=\"divider.default\">\n\t\t\t\t<div class=\"elementor-widget-container\">\n\t\t\t\t\t\t\t<div class=\"elementor-divider\">\n\t\t\t<span class=\"elementor-divider-separator\">\n\t\t\t\t\t\t<\/span>\n\t\t<\/div>\n\t\t\t\t\t\t<\/div>\n\t\t\t\t<\/div>\n\t\t\t\t<div class=\"elementor-element elementor-element-e507eba elementor-widget elementor-widget-text-editor\" data-id=\"e507eba\" data-element_type=\"widget\" data-e-type=\"widget\" data-widget_type=\"text-editor.default\">\n\t\t\t\t<div class=\"elementor-widget-container\">\n\t\t\t\t\t\t\t\t\t<p data-start=\"739\" data-end=\"962\">Situ\u00e9 au c\u0153ur de <strong data-start=\"782\" data-end=\"815\">Bever (Pontembeek 16, Belgique)<\/strong>, Cette maison a \u00e9t\u00e9 compl\u00e8tement transform\u00e9e en un v\u00e9ritable paradis d'Halloween. Il ne s'agit pas d'une maison ordinaire, mais d'une exp\u00e9rience immersive pleine d'atmosph\u00e8re et de caract\u00e8re.<\/p><p data-start=\"964\" data-end=\"1345\">L'espace est d\u00e9cor\u00e9 dans les moindres d\u00e9tails avec des meubles anciens, des bougies, de la fum\u00e9e, des toiles d'araign\u00e9e et d'innombrables d\u00e9corations qui donnent vie \u00e0 chaque coin. La lumi\u00e8re naturelle qui traverse les fen\u00eatres cr\u00e9e une atmosph\u00e8re \u00e0 la fois myst\u00e9rieuse et chaleureuse - id\u00e9ale pour les s\u00e9ances photo professionnelles ou cr\u00e9atives, les tournages de films, le contenu des influenceurs ou m\u00eame de petits \u00e9v\u00e9nements priv\u00e9s.<\/p><p data-start=\"1347\" data-end=\"1561\">Les th\u00e8mes futurs changeront, mais pour l'instant il s'agit de <strong data-start=\"1414\" data-end=\"1431\">Maison d'Halloween<\/strong> qui attire tous les regards. Venez d\u00e9couvrir, photographier ou simplement profiter de ce cadre unique, id\u00e9al pour l'automne.<\/p>\t\t\t\t\t\t\t\t<\/div>\n\t\t\t\t<\/div>\n\t\t\t\t<div class=\"elementor-element elementor-element-458f854 elementor-icon-list--layout-inline elementor-list-item-link-full_width elementor-widget elementor-widget-icon-list\" data-id=\"458f854\" data-element_type=\"widget\" data-e-type=\"widget\" data-widget_type=\"icon-list.default\">\n\t\t\t\t<div class=\"elementor-widget-container\">\n\t\t\t\t\t\t\t<ul class=\"elementor-icon-list-items elementor-inline-items\">\n\t\t\t\t\t\t\t<li class=\"elementor-icon-list-item elementor-inline-item\">\n\t\t\t\t\t\t\t\t\t\t\t<span class=\"elementor-icon-list-icon\">\n\t\t\t\t\t\t\t<i aria-hidden=\"true\" class=\"fas fa-check\"><\/i>\t\t\t\t\t\t<\/span>\n\t\t\t\t\t\t\t\t\t\t<span class=\"elementor-icon-list-text\">S\u00e9ances de photos professionnelles<\/span>\n\t\t\t\t\t\t\t\t\t<\/li>\n\t\t\t\t\t\t\t\t<li class=\"elementor-icon-list-item elementor-inline-item\">\n\t\t\t\t\t\t\t\t\t\t\t<span class=\"elementor-icon-list-icon\">\n\t\t\t\t\t\t\t<i aria-hidden=\"true\" class=\"fas fa-check\"><\/i>\t\t\t\t\t\t<\/span>\n\t\t\t\t\t\t\t\t\t\t<span class=\"elementor-icon-list-text\">Cr\u00e9ation de contenu th\u00e9matique<\/span>\n\t\t\t\t\t\t\t\t\t<\/li>\n\t\t\t\t\t\t\t\t<li class=\"elementor-icon-list-item elementor-inline-item\">\n\t\t\t\t\t\t\t\t\t\t\t<span class=\"elementor-icon-list-icon\">\n\t\t\t\t\t\t\t<i aria-hidden=\"true\" class=\"fas fa-check\"><\/i>\t\t\t\t\t\t<\/span>\n\t\t\t\t\t\t\t\t\t\t<span class=\"elementor-icon-list-text\">Petits \u00e9v\u00e9nements ou r\u00e9unions<\/span>\n\t\t\t\t\t\t\t\t\t<\/li>\n\t\t\t\t\t\t\t\t<li class=\"elementor-icon-list-item elementor-inline-item\">\n\t\t\t\t\t\t\t\t\t\t\t<span class=\"elementor-icon-list-icon\">\n\t\t\t\t\t\t\t<i aria-hidden=\"true\" class=\"fas fa-check\"><\/i>\t\t\t\t\t\t<\/span>\n\t\t\t\t\t\t\t\t\t\t<span class=\"elementor-icon-list-text\">Visites priv\u00e9es chaleureuses<\/span>\n\t\t\t\t\t\t\t\t\t<\/li>\n\t\t\t\t\t\t<\/ul>\n\t\t\t\t\t\t<\/div>\n\t\t\t\t<\/div>\n\t\t\t\t<div class=\"elementor-element elementor-element-7e473c2 elementor-widget elementor-widget-button\" data-id=\"7e473c2\" data-element_type=\"widget\" data-e-type=\"widget\" data-widget_type=\"button.default\">\n\t\t\t\t<div class=\"elementor-widget-container\">\n\t\t\t\t\t\t\t\t\t<div class=\"elementor-button-wrapper\">\n\t\t\t\t\t<a class=\"elementor-button elementor-button-link elementor-size-sm elementor-animation-grow\" href=\"https:\/\/dezorgcarrousel.be\/fr\/contact\/\" target=\"_blank\">\n\t\t\t\t\t\t<span class=\"elementor-button-content-wrapper\">\n\t\t\t\t\t\t\t\t\t<span class=\"elementor-button-text\">Contactez-nous&gt;&gt;<\/span>\n\t\t\t\t\t<\/span>\n\t\t\t\t\t<\/a>\n\t\t\t\t<\/div>\n\t\t\t\t\t\t\t\t<\/div>\n\t\t\t\t<\/div>\n\t\t\t\t<\/div>\n\t\t<div class=\"elementor-element elementor-element-5a75453 e-con-full e-flex e-con e-parent\" data-id=\"5a75453\" data-element_type=\"container\" data-e-type=\"container\">\n\t\t\t\t<div class=\"elementor-element elementor-element-e5de480 elementor-arrows-position-inside elementor-pagination-position-outside elementor-widget elementor-widget-image-carousel\" data-id=\"e5de480\" data-element_type=\"widget\" data-e-type=\"widget\" data-settings=\"{&quot;slides_to_show&quot;:&quot;4&quot;,&quot;image_spacing_custom&quot;:{&quot;unit&quot;:&quot;px&quot;,&quot;size&quot;:24,&quot;sizes&quot;:[]},&quot;navigation&quot;:&quot;both&quot;,&quot;autoplay&quot;:&quot;yes&quot;,&quot;pause_on_hover&quot;:&quot;yes&quot;,&quot;pause_on_interaction&quot;:&quot;yes&quot;,&quot;autoplay_speed&quot;:5000,&quot;infinite&quot;:&quot;yes&quot;,&quot;speed&quot;:500,&quot;image_spacing_custom_tablet&quot;:{&quot;unit&quot;:&quot;px&quot;,&quot;size&quot;:&quot;&quot;,&quot;sizes&quot;:[]},&quot;image_spacing_custom_mobile&quot;:{&quot;unit&quot;:&quot;px&quot;,&quot;size&quot;:&quot;&quot;,&quot;sizes&quot;:[]}}\" data-widget_type=\"image-carousel.default\">\n\t\t\t\t<div class=\"elementor-widget-container\">\n\t\t\t\t\t\t\t<div class=\"elementor-image-carousel-wrapper swiper\" role=\"region\" aria-roledescription=\"carousel\" aria-label=\"Image du carrousel\" dir=\"ltr\">\n\t\t\t<div class=\"elementor-image-carousel swiper-wrapper\" aria-live=\"off\">\n\t\t\t\t\t\t\t\t<div class=\"swiper-slide\" role=\"group\" aria-roledescription=\"slide\" aria-label=\"1 de 11\"><a data-elementor-open-lightbox=\"yes\" data-elementor-lightbox-slideshow=\"e5de480\" data-e-action-hash=\"#elementor-action%3Aaction%3Dlightbox%26settings%3DeyJpZCI6NTcyLCJ1cmwiOiJodHRwczpcL1wvZGV6b3JnY2Fycm91c2VsLmJlXC93cC1jb250ZW50XC91cGxvYWRzXC81NzMwNjI4NjdfMTQxMzM0OTE5NzQ2NDM1Ml84MDU5NDM5MjUxMDI5ODA1NDc3X24uanBnIiwic2xpZGVzaG93IjoiZTVkZTQ4MCJ9\" href=\"https:\/\/dezorgcarrousel.be\/wp-content\/uploads\/573062867_1413349197464352_8059439251029805477_n.jpg\"><figure class=\"swiper-slide-inner\"><img decoding=\"async\" class=\"swiper-slide-image\" src=\"https:\/\/dezorgcarrousel.be\/wp-content\/uploads\/elementor\/thumbs\/573062867_1413349197464352_8059439251029805477_n-re5vcjite4iu9mk4xs5nuxj8xcosn0iw0lallja6x4.jpg\" alt=\"573062867_1413349197464352_8059439251029805477_n\" title=\"\"><\/figure><\/a><\/div><div class=\"swiper-slide\" role=\"group\" aria-roledescription=\"slide\" aria-label=\"2 de 11\"><a data-elementor-open-lightbox=\"yes\" data-elementor-lightbox-slideshow=\"e5de480\" data-e-action-hash=\"#elementor-action%3Aaction%3Dlightbox%26settings%3DeyJpZCI6NTczLCJ1cmwiOiJodHRwczpcL1wvZGV6b3JnY2Fycm91c2VsLmJlXC93cC1jb250ZW50XC91cGxvYWRzXC81NzM2MDQ5NTNfMTQxMzM0OTE2NzQ2NDM1NV84MDMwMjgzMDAzMzk1NjUyMDYwX24uanBnIiwic2xpZGVzaG93IjoiZTVkZTQ4MCJ9\" href=\"https:\/\/dezorgcarrousel.be\/wp-content\/uploads\/573604953_1413349167464355_8030283003395652060_n.jpg\"><figure class=\"swiper-slide-inner\"><img decoding=\"async\" class=\"swiper-slide-image\" src=\"https:\/\/dezorgcarrousel.be\/wp-content\/uploads\/elementor\/thumbs\/573604953_1413349167464355_8030283003395652060_n-re5vclehrslewuhemsywzx2644fj2eqcoulkk37eko.jpg\" alt=\"573604953_1413349167464355_8030283003395652060_n\" title=\"\"><\/figure><\/a><\/div><div class=\"swiper-slide\" role=\"group\" aria-roledescription=\"slide\" aria-label=\"3 de 11\"><a data-elementor-open-lightbox=\"yes\" data-elementor-lightbox-slideshow=\"e5de480\" data-e-action-hash=\"#elementor-action%3Aaction%3Dlightbox%26settings%3DeyJpZCI6NTc0LCJ1cmwiOiJodHRwczpcL1wvZGV6b3JnY2Fycm91c2VsLmJlXC93cC1jb250ZW50XC91cGxvYWRzXC81NzQyNzEyODFfMTQxMzM0OTE1NzQ2NDM1Nl8xNzIzMjc2ODMwNzYzMzk5MDI1X24uanBnIiwic2xpZGVzaG93IjoiZTVkZTQ4MCJ9\" href=\"https:\/\/dezorgcarrousel.be\/wp-content\/uploads\/574271281_1413349157464356_1723276830763399025_n.jpg\"><figure class=\"swiper-slide-inner\"><img decoding=\"async\" class=\"swiper-slide-image\" src=\"https:\/\/dezorgcarrousel.be\/wp-content\/uploads\/elementor\/thumbs\/574271281_1413349157464356_1723276830763399025_n-re5vcna65gnzk2eobts64wl3aw69hsxtd3wjin4m88.jpg\" alt=\"574271281_1413349157464356_1723276830763399025_n\" title=\"\"><\/figure><\/a><\/div><div class=\"swiper-slide\" role=\"group\" aria-roledescription=\"slide\" aria-label=\"4 de 11\"><a data-elementor-open-lightbox=\"yes\" data-elementor-lightbox-slideshow=\"e5de480\" data-e-action-hash=\"#elementor-action%3Aaction%3Dlightbox%26settings%3DeyJpZCI6NTc1LCJ1cmwiOiJodHRwczpcL1wvZGV6b3JnY2Fycm91c2VsLmJlXC93cC1jb250ZW50XC91cGxvYWRzXC81NzMxMTUyNzFfMTQxMzM0OTE5MDc5NzY4Nl80OTM5MzM2OTY1MTc1MjMxOTIyX24uanBnIiwic2xpZGVzaG93IjoiZTVkZTQ4MCJ9\" href=\"https:\/\/dezorgcarrousel.be\/wp-content\/uploads\/573115271_1413349190797686_4939336965175231922_n.jpg\"><figure class=\"swiper-slide-inner\"><img decoding=\"async\" class=\"swiper-slide-image\" src=\"https:\/\/dezorgcarrousel.be\/wp-content\/uploads\/elementor\/thumbs\/573115271_1413349190797686_4939336965175231922_n-re5vcp5uj4qk7aby0ulf9w40hnwzx75a1d7ih71tvs.jpg\" alt=\"573115271_1413349190797686_4939336965175231922_n\" title=\"\"><\/figure><\/a><\/div><div class=\"swiper-slide\" role=\"group\" aria-roledescription=\"slide\" aria-label=\"5 de 11\"><a data-elementor-open-lightbox=\"yes\" data-elementor-lightbox-slideshow=\"e5de480\" data-e-action-hash=\"#elementor-action%3Aaction%3Dlightbox%26settings%3DeyJpZCI6NTc2LCJ1cmwiOiJodHRwczpcL1wvZGV6b3JnY2Fycm91c2VsLmJlXC93cC1jb250ZW50XC91cGxvYWRzXC81NzQ1NzE0NDJfMTQxMzM0OTI0NzQ2NDM0N18zNTc4NjI0MDYyNDIxMDQ3ODI2X24uanBnIiwic2xpZGVzaG93IjoiZTVkZTQ4MCJ9\" href=\"https:\/\/dezorgcarrousel.be\/wp-content\/uploads\/574571442_1413349247464347_3578624062421047826_n.jpg\"><figure class=\"swiper-slide-inner\"><img decoding=\"async\" class=\"swiper-slide-image\" src=\"https:\/\/dezorgcarrousel.be\/wp-content\/uploads\/elementor\/thumbs\/574571442_1413349247464347_3578624062421047826_n-re5vcq3opyruiwakvd01udvh31sd4w90dhuzyh0fpk.jpg\" alt=\"574571442_1413349247464347_3578624062421047826_n\" title=\"\"><\/figure><\/a><\/div><div class=\"swiper-slide\" role=\"group\" aria-roledescription=\"slide\" aria-label=\"6 de 11\"><a data-elementor-open-lightbox=\"yes\" data-elementor-lightbox-slideshow=\"e5de480\" data-e-action-hash=\"#elementor-action%3Aaction%3Dlightbox%26settings%3DeyJpZCI6NTc3LCJ1cmwiOiJodHRwczpcL1wvZGV6b3JnY2Fycm91c2VsLmJlXC93cC1jb250ZW50XC91cGxvYWRzXC81NzQ1ODExNzBfMTQxMzM0OTIzNDEzMTAxNV80MTMwNzI3OTA2MTAyMDA4OTkwX24uanBnIiwic2xpZGVzaG93IjoiZTVkZTQ4MCJ9\" href=\"https:\/\/dezorgcarrousel.be\/wp-content\/uploads\/574581170_1413349234131015_4130727906102008990_n.jpg\"><figure class=\"swiper-slide-inner\"><img decoding=\"async\" class=\"swiper-slide-image\" src=\"https:\/\/dezorgcarrousel.be\/wp-content\/uploads\/elementor\/thumbs\/574581170_1413349234131015_4130727906102008990_n-re5vcrzd3muf647ukdtazdee9tj3kagh1r5yx0xnd4.jpg\" alt=\"574581170_1413349234131015_4130727906102008990_n\" title=\"\"><\/figure><\/a><\/div><div class=\"swiper-slide\" role=\"group\" aria-roledescription=\"slide\" aria-label=\"7 de 11\"><a data-elementor-open-lightbox=\"yes\" data-elementor-lightbox-slideshow=\"e5de480\" data-e-action-hash=\"#elementor-action%3Aaction%3Dlightbox%26settings%3DeyJpZCI6NTc4LCJ1cmwiOiJodHRwczpcL1wvZGV6b3JnY2Fycm91c2VsLmJlXC93cC1jb250ZW50XC91cGxvYWRzXC81NzMzMjA1NTlfMTQxMzM0OTIxNDEzMTAxN18zNzc3ODY3NDk1NDkxNzA5MjM0X24uanBnIiwic2xpZGVzaG93IjoiZTVkZTQ4MCJ9\" href=\"https:\/\/dezorgcarrousel.be\/wp-content\/uploads\/573320559_1413349214131017_3777867495491709234_n.jpg\"><figure class=\"swiper-slide-inner\"><img decoding=\"async\" class=\"swiper-slide-image\" src=\"https:\/\/dezorgcarrousel.be\/wp-content\/uploads\/elementor\/thumbs\/573320559_1413349214131017_3777867495491709234_n-re5vctv1hawztc549emk4cxbgl9tzonxq0gxvkuv0o.jpg\" alt=\"573320559_1413349214131017_3777867495491709234_n\" title=\"\"><\/figure><\/a><\/div><div class=\"swiper-slide\" role=\"group\" aria-roledescription=\"slide\" aria-label=\"8 de 11\"><a data-elementor-open-lightbox=\"yes\" data-elementor-lightbox-slideshow=\"e5de480\" data-e-action-hash=\"#elementor-action%3Aaction%3Dlightbox%26settings%3DeyJpZCI6NTc5LCJ1cmwiOiJodHRwczpcL1wvZGV6b3JnY2Fycm91c2VsLmJlXC93cC1jb250ZW50XC91cGxvYWRzXC81NzI3NjUxMTNfMTQxMzM0OTEyMDc5NzY5M185MTYxOTg3MDM0MTI4NjQ1NTMwX24uanBnIiwic2xpZGVzaG93IjoiZTVkZTQ4MCJ9\" href=\"https:\/\/dezorgcarrousel.be\/wp-content\/uploads\/572765113_1413349120797693_9161987034128645530_n.jpg\"><figure class=\"swiper-slide-inner\"><img decoding=\"async\" class=\"swiper-slide-image\" src=\"https:\/\/dezorgcarrousel.be\/wp-content\/uploads\/elementor\/thumbs\/572765113_1413349120797693_9161987034128645530_n-re5vcvqpuyzkgk2dyfft9cg8nd0kf2vee9rwu4s2o8.jpg\" alt=\"572765113_1413349120797693_9161987034128645530_n\" title=\"\"><\/figure><\/a><\/div><div class=\"swiper-slide\" role=\"group\" aria-roledescription=\"slide\" aria-label=\"9 sur 11\"><a data-elementor-open-lightbox=\"yes\" data-elementor-lightbox-slideshow=\"e5de480\" data-e-action-hash=\"#elementor-action%3Aaction%3Dlightbox%26settings%3DeyJpZCI6NTgwLCJ1cmwiOiJodHRwczpcL1wvZGV6b3JnY2Fycm91c2VsLmJlXC93cC1jb250ZW50XC91cGxvYWRzXC81NzMyOTE1NDFfMTQxMzM0OTA3MDc5NzY5OF83ODkzOTc4MTU2NjcxODg2NTEzX24uanBnIiwic2xpZGVzaG93IjoiZTVkZTQ4MCJ9\" href=\"https:\/\/dezorgcarrousel.be\/wp-content\/uploads\/573291541_1413349070797698_7893978156671886513_n.jpg\"><figure class=\"swiper-slide-inner\"><img decoding=\"async\" class=\"swiper-slide-image\" src=\"https:\/\/dezorgcarrousel.be\/wp-content\/uploads\/elementor\/thumbs\/573291541_1413349070797698_7893978156671886513_n-re5vcxme8n253rznng92ebz5u4rauh2v2j2vsopabs.jpg\" alt=\"573291541_1413349070797698_7893978156671886513_n\" title=\"\"><\/figure><\/a><\/div><div class=\"swiper-slide\" role=\"group\" aria-roledescription=\"slide\" aria-label=\"10 sur 11\"><a data-elementor-open-lightbox=\"yes\" data-elementor-lightbox-slideshow=\"e5de480\" data-e-action-hash=\"#elementor-action%3Aaction%3Dlightbox%26settings%3DeyJpZCI6NTgxLCJ1cmwiOiJodHRwczpcL1wvZGV6b3JnY2Fycm91c2VsLmJlXC93cC1jb250ZW50XC91cGxvYWRzXC81NzE3OTYzMzhfMTQxMzM0OTEwNDEzMTAyOF83MDg2ODU2NzI3NjU1MDkzNTk2X24uanBnIiwic2xpZGVzaG93IjoiZTVkZTQ4MCJ9\" href=\"https:\/\/dezorgcarrousel.be\/wp-content\/uploads\/571796338_1413349104131028_7086856727655093596_n.jpg\"><figure class=\"swiper-slide-inner\"><img decoding=\"async\" class=\"swiper-slide-image\" src=\"https:\/\/dezorgcarrousel.be\/wp-content\/uploads\/elementor\/thumbs\/571796338_1413349104131028_7086856727655093596_n-re5vcyk8fh3ffdyahynoytqmfimo266lenqd9ynw5k.jpg\" alt=\"571796338_1413349104131028_7086856727655093596_n\" title=\"\"><\/figure><\/a><\/div><div class=\"swiper-slide\" role=\"group\" aria-roledescription=\"slide\" aria-label=\"11 de 11\"><a data-elementor-open-lightbox=\"yes\" data-elementor-lightbox-slideshow=\"e5de480\" data-e-action-hash=\"#elementor-action%3Aaction%3Dlightbox%26settings%3DeyJpZCI6NTgyLCJ1cmwiOiJodHRwczpcL1wvZGV6b3JnY2Fycm91c2VsLmJlXC93cC1jb250ZW50XC91cGxvYWRzXC81NzM1MjUyMjhfMTQxMzM0OTA2NDEzMTAzMl81NjM5MTUzMzE1NDczMDUwNjgxX24uanBnIiwic2xpZGVzaG93IjoiZTVkZTQ4MCJ9\" href=\"https:\/\/dezorgcarrousel.be\/wp-content\/uploads\/573525228_1413349064131032_5639153315473050681_n.jpg\"><figure class=\"swiper-slide-inner\"><img decoding=\"async\" class=\"swiper-slide-image\" src=\"https:\/\/dezorgcarrousel.be\/wp-content\/uploads\/elementor\/thumbs\/573525228_1413349064131032_5639153315473050681_n-re5vd0fwt5602lvk6zgy3t9jmadehke22x1c8il3t4.jpg\" alt=\"573525228_1413349064131032_5639153315473050681_n\" title=\"\"><\/figure><\/a><\/div>\t\t\t<\/div>\n\t\t\t\t\t\t\t\t\t\t\t\t<div class=\"elementor-swiper-button elementor-swiper-button-prev\" role=\"button\" tabindex=\"0\">\n\t\t\t\t\t\t<i aria-hidden=\"true\" class=\"eicon-chevron-left\"><\/i>\t\t\t\t\t<\/div>\n\t\t\t\t\t<div class=\"elementor-swiper-button elementor-swiper-button-next\" role=\"button\" tabindex=\"0\">\n\t\t\t\t\t\t<i aria-hidden=\"true\" class=\"eicon-chevron-right\"><\/i>\t\t\t\t\t<\/div>\n\t\t\t\t\n\t\t\t\t\t\t\t\t\t<div class=\"swiper-pagination\"><\/div>\n\t\t\t\t\t\t\t\t\t<\/div>\n\t\t\t\t\t\t<\/div>\n\t\t\t\t<\/div>\n\t\t\t\t<\/div>\n\t\t\t\t<\/div>","protected":false},"excerpt":{"rendered":"<p>Uniek Halloweenhuis in Bever \u2013 Beleef een Griezelige Sfeer! Welkom in het meest angstaanjagende huis van Bever! Dit volledig ingerichte Halloweenhuis is d\u00e9 perfecte plek voor een originele fotoshoot, een intieme bijeenkomst of een creatief evenement. Van spinnenwebben en pompoenen tot sfeervolle kaarsen en mysterieuze figuren \u2013 elk detail zorgt voor een onvergetelijke ervaring. Boek [&hellip;]<\/p>\n","protected":false},"author":1,"featured_media":0,"parent":0,"menu_order":0,"comment_status":"closed","ping_status":"closed","template":"elementor_header_footer","meta":{"footnotes":""},"class_list":["post-569","page","type-page","status-publish","hentry"],"_links":{"self":[{"href":"https:\/\/dezorgcarrousel.be\/fr\/wp-json\/wp\/v2\/pages\/569","targetHints":{"allow":["GET"]}}],"collection":[{"href":"https:\/\/dezorgcarrousel.be\/fr\/wp-json\/wp\/v2\/pages"}],"about":[{"href":"https:\/\/dezorgcarrousel.be\/fr\/wp-json\/wp\/v2\/types\/page"}],"author":[{"embeddable":true,"href":"https:\/\/dezorgcarrousel.be\/fr\/wp-json\/wp\/v2\/users\/1"}],"replies":[{"embeddable":true,"href":"https:\/\/dezorgcarrousel.be\/fr\/wp-json\/wp\/v2\/comments?post=569"}],"version-history":[{"count":4,"href":"https:\/\/dezorgcarrousel.be\/fr\/wp-json\/wp\/v2\/pages\/569\/revisions"}],"predecessor-version":[{"id":585,"href":"https:\/\/dezorgcarrousel.be\/fr\/wp-json\/wp\/v2\/pages\/569\/revisions\/585"}],"wp:attachment":[{"href":"https:\/\/dezorgcarrousel.be\/fr\/wp-json\/wp\/v2\/media?parent=569"}],"curies":[{"name":"wp","href":"https:\/\/api.w.org\/{rel}","templated":true}]}}